{"id":3,"date":"2024-07-04T11:05:33","date_gmt":"2024-07-04T09:05:33","guid":{"rendered":"http:\/\/www.battlebouncers.de\/?page_id=3"},"modified":"2025-07-22T13:58:41","modified_gmt":"2025-07-22T11:58:41","slug":"proteccion-de-datos","status":"publish","type":"page","link":"https:\/\/www.battle-bouncers.com\/es\/proteccion-de-datos\/","title":{"rendered":"Protecci\u00f3n de datos"},"content":{"rendered":"<div data-elementor-type=\"wp-page\" data-elementor-id=\"3\" class=\"elementor elementor-3\">\n\t\t\t\t<div class=\"elementor-element elementor-element-32d411d e-flex e-con-boxed e-con e-parent\" data-id=\"32d411d\" data-element_type=\"container\">\n\t\t\t\t\t<div class=\"e-con-inner\">\n\t\t\t\t<div class=\"elementor-element elementor-element-ad2e9b6 elementor-widget elementor-widget-html\" data-id=\"ad2e9b6\" data-element_type=\"widget\" data-widget_type=\"html.default\">\n\t\t\t\t<div class=\"elementor-widget-container\">\n\t\t\t\t\t<div id=\"hbm-privacy\" data-hbm-privacy-container=\"4199\"><\/div>\r\n\r\n<script type=\"text\/javascript\" src=https:\/\/cdn.datenschutz.burda.com\/4199.js async defer><\/script>\r\n\t\t\t\t<\/div>\n\t\t\t\t<\/div>\n\t\t\t\t\t<\/div>\n\t\t\t\t<\/div>\n\t\t\t\t<\/div>","protected":false},"excerpt":{"rendered":"","protected":false},"author":1,"featured_media":1226,"parent":0,"menu_order":0,"comment_status":"closed","ping_status":"closed","template":"","meta":{"footnotes":""},"class_list":["post-3","page","type-page","status-publish","has-post-thumbnail","hentry"],"yoast_head":"<!-- This site is optimized with the Yoast SEO plugin v25.3 - https:\/\/yoast.com\/wordpress\/plugins\/seo\/ -->\n<title>Datenschutz - Battle Bouncers<\/title>\n<meta name=\"description\" content=\"Wir informieren Sie hier insbesondere \u00fcber die EU-Datenschutz-Grundverordnung \u00fcber die Battle Bouncers von der Blue Ocean Entertainment AG.\" \/>\n<meta name=\"robots\" content=\"index, follow, max-snippet:-1, max-image-preview:large, max-video-preview:-1\" \/>\n<link rel=\"canonical\" href=\"https:\/\/www.battle-bouncers.com\/es\/proteccion-de-datos\/\" \/>\n<meta property=\"og:locale\" content=\"es_ES\" \/>\n<meta property=\"og:type\" content=\"article\" \/>\n<meta property=\"og:title\" content=\"Datenschutz - Battle Bouncers\" \/>\n<meta property=\"og:description\" content=\"Wir informieren Sie hier insbesondere \u00fcber die EU-Datenschutz-Grundverordnung \u00fcber die Battle Bouncers von der Blue Ocean Entertainment AG.\" \/>\n<meta property=\"og:url\" content=\"https:\/\/www.battle-bouncers.com\/es\/proteccion-de-datos\/\" \/>\n<meta property=\"og:site_name\" content=\"Battle Bouncers\" \/>\n<meta property=\"article:modified_time\" content=\"2025-07-22T11:58:41+00:00\" \/>\n<meta property=\"og:image\" content=\"https:\/\/www.battle-bouncers.com\/wp-content\/uploads\/2025\/06\/cropped-BattleBouncers_Website-Icon.png\" \/>\n\t<meta property=\"og:image:width\" content=\"512\" \/>\n\t<meta property=\"og:image:height\" content=\"512\" \/>\n\t<meta property=\"og:image:type\" content=\"image\/png\" \/>\n<meta name=\"twitter:card\" content=\"summary_large_image\" \/>\n<meta name=\"twitter:label1\" content=\"Tiempo de lectura\" \/>\n\t<meta name=\"twitter:data1\" content=\"1 minuto\" \/>\n<script type=\"application\/ld+json\" class=\"yoast-schema-graph\">{\"@context\":\"https:\/\/schema.org\",\"@graph\":[{\"@type\":\"WebPage\",\"@id\":\"https:\/\/www.battle-bouncers.com\/datenschutz\/\",\"url\":\"https:\/\/www.battle-bouncers.com\/datenschutz\/\",\"name\":\"Datenschutz - Battle Bouncers\",\"isPartOf\":{\"@id\":\"https:\/\/www.battle-bouncers.com\/#website\"},\"primaryImageOfPage\":{\"@id\":\"https:\/\/www.battle-bouncers.com\/datenschutz\/#primaryimage\"},\"image\":{\"@id\":\"https:\/\/www.battle-bouncers.com\/datenschutz\/#primaryimage\"},\"thumbnailUrl\":\"https:\/\/www.battle-bouncers.com\/wp-content\/uploads\/2025\/06\/cropped-BattleBouncers_Website-Icon.png\",\"datePublished\":\"2024-07-04T09:05:33+00:00\",\"dateModified\":\"2025-07-22T11:58:41+00:00\",\"description\":\"Wir informieren Sie hier insbesondere \u00fcber die EU-Datenschutz-Grundverordnung \u00fcber die Battle Bouncers von der Blue Ocean Entertainment AG.\",\"breadcrumb\":{\"@id\":\"https:\/\/www.battle-bouncers.com\/datenschutz\/#breadcrumb\"},\"inLanguage\":\"es\",\"potentialAction\":[{\"@type\":\"ReadAction\",\"target\":[\"https:\/\/www.battle-bouncers.com\/datenschutz\/\"]}]},{\"@type\":\"ImageObject\",\"inLanguage\":\"es\",\"@id\":\"https:\/\/www.battle-bouncers.com\/datenschutz\/#primaryimage\",\"url\":\"https:\/\/www.battle-bouncers.com\/wp-content\/uploads\/2025\/06\/cropped-BattleBouncers_Website-Icon.png\",\"contentUrl\":\"https:\/\/www.battle-bouncers.com\/wp-content\/uploads\/2025\/06\/cropped-BattleBouncers_Website-Icon.png\",\"width\":512,\"height\":512,\"caption\":\"Logo Battle Bouncers\"},{\"@type\":\"BreadcrumbList\",\"@id\":\"https:\/\/www.battle-bouncers.com\/datenschutz\/#breadcrumb\",\"itemListElement\":[{\"@type\":\"ListItem\",\"position\":1,\"name\":\"Startseite\",\"item\":\"https:\/\/www.battle-bouncers.com\/\"},{\"@type\":\"ListItem\",\"position\":2,\"name\":\"Datenschutz\"}]},{\"@type\":\"WebSite\",\"@id\":\"https:\/\/www.battle-bouncers.com\/#website\",\"url\":\"https:\/\/www.battle-bouncers.com\/\",\"name\":\"Battle Bouncers\",\"description\":\"\",\"publisher\":{\"@id\":\"https:\/\/www.battle-bouncers.com\/#organization\"},\"potentialAction\":[{\"@type\":\"SearchAction\",\"target\":{\"@type\":\"EntryPoint\",\"urlTemplate\":\"https:\/\/www.battle-bouncers.com\/?s={search_term_string}\"},\"query-input\":{\"@type\":\"PropertyValueSpecification\",\"valueRequired\":true,\"valueName\":\"search_term_string\"}}],\"inLanguage\":\"es\"},{\"@type\":\"Organization\",\"@id\":\"https:\/\/www.battle-bouncers.com\/#organization\",\"name\":\"Battle Bouncers\",\"url\":\"https:\/\/www.battle-bouncers.com\/\",\"logo\":{\"@type\":\"ImageObject\",\"inLanguage\":\"es\",\"@id\":\"https:\/\/www.battle-bouncers.com\/#\/schema\/logo\/image\/\",\"url\":\"https:\/\/www.battle-bouncers.com\/wp-content\/uploads\/2025\/06\/cropped-BattleBouncers_Logo.png\",\"contentUrl\":\"https:\/\/www.battle-bouncers.com\/wp-content\/uploads\/2025\/06\/cropped-BattleBouncers_Logo.png\",\"width\":500,\"height\":353,\"caption\":\"Battle Bouncers\"},\"image\":{\"@id\":\"https:\/\/www.battle-bouncers.com\/#\/schema\/logo\/image\/\"}}]}<\/script>\n<!-- \/ Yoast SEO plugin. -->","yoast_head_json":{"title":"Protecci\u00f3n de datos - Battle Bouncers","description":"Le informamos aqu\u00ed en particular sobre el Reglamento General de Protecci\u00f3n de Datos de la UE sobre los Battle Bouncers de Blue Ocean Entertainment AG.","robots":{"index":"index","follow":"follow","max-snippet":"max-snippet:-1","max-image-preview":"max-image-preview:large","max-video-preview":"max-video-preview:-1"},"canonical":"https:\/\/www.battle-bouncers.com\/es\/proteccion-de-datos\/","og_locale":"es_ES","og_type":"article","og_title":"Datenschutz - Battle Bouncers","og_description":"Wir informieren Sie hier insbesondere \u00fcber die EU-Datenschutz-Grundverordnung \u00fcber die Battle Bouncers von der Blue Ocean Entertainment AG.","og_url":"https:\/\/www.battle-bouncers.com\/es\/proteccion-de-datos\/","og_site_name":"Battle Bouncers","article_modified_time":"2025-07-22T11:58:41+00:00","og_image":[{"width":512,"height":512,"url":"https:\/\/www.battle-bouncers.com\/wp-content\/uploads\/2025\/06\/cropped-BattleBouncers_Website-Icon.png","type":"image\/png"}],"twitter_card":"summary_large_image","twitter_misc":{"Tiempo de lectura":"1 minuto"},"schema":{"@context":"https:\/\/schema.org","@graph":[{"@type":"WebPage","@id":"https:\/\/www.battle-bouncers.com\/datenschutz\/","url":"https:\/\/www.battle-bouncers.com\/datenschutz\/","name":"Protecci\u00f3n de datos - Battle Bouncers","isPartOf":{"@id":"https:\/\/www.battle-bouncers.com\/#website"},"primaryImageOfPage":{"@id":"https:\/\/www.battle-bouncers.com\/datenschutz\/#primaryimage"},"image":{"@id":"https:\/\/www.battle-bouncers.com\/datenschutz\/#primaryimage"},"thumbnailUrl":"https:\/\/www.battle-bouncers.com\/wp-content\/uploads\/2025\/06\/cropped-BattleBouncers_Website-Icon.png","datePublished":"2024-07-04T09:05:33+00:00","dateModified":"2025-07-22T11:58:41+00:00","description":"Le informamos aqu\u00ed en particular sobre el Reglamento General de Protecci\u00f3n de Datos de la UE sobre los Battle Bouncers de Blue Ocean Entertainment AG.","breadcrumb":{"@id":"https:\/\/www.battle-bouncers.com\/datenschutz\/#breadcrumb"},"inLanguage":"es","potentialAction":[{"@type":"ReadAction","target":["https:\/\/www.battle-bouncers.com\/datenschutz\/"]}]},{"@type":"ImageObject","inLanguage":"es","@id":"https:\/\/www.battle-bouncers.com\/datenschutz\/#primaryimage","url":"https:\/\/www.battle-bouncers.com\/wp-content\/uploads\/2025\/06\/cropped-BattleBouncers_Website-Icon.png","contentUrl":"https:\/\/www.battle-bouncers.com\/wp-content\/uploads\/2025\/06\/cropped-BattleBouncers_Website-Icon.png","width":512,"height":512,"caption":"Logo Battle Bouncers"},{"@type":"BreadcrumbList","@id":"https:\/\/www.battle-bouncers.com\/datenschutz\/#breadcrumb","itemListElement":[{"@type":"ListItem","position":1,"name":"Startseite","item":"https:\/\/www.battle-bouncers.com\/"},{"@type":"ListItem","position":2,"name":"Datenschutz"}]},{"@type":"WebSite","@id":"https:\/\/www.battle-bouncers.com\/#website","url":"https:\/\/www.battle-bouncers.com\/","name":"Battle Bouncers","description":"","publisher":{"@id":"https:\/\/www.battle-bouncers.com\/#organization"},"potentialAction":[{"@type":"SearchAction","target":{"@type":"EntryPoint","urlTemplate":"https:\/\/www.battle-bouncers.com\/?s={search_term_string}"},"query-input":{"@type":"PropertyValueSpecification","valueRequired":true,"valueName":"search_term_string"}}],"inLanguage":"es"},{"@type":"Organization","@id":"https:\/\/www.battle-bouncers.com\/#organization","name":"Battle Bouncers","url":"https:\/\/www.battle-bouncers.com\/","logo":{"@type":"ImageObject","inLanguage":"es","@id":"https:\/\/www.battle-bouncers.com\/#\/schema\/logo\/image\/","url":"https:\/\/www.battle-bouncers.com\/wp-content\/uploads\/2025\/06\/cropped-BattleBouncers_Logo.png","contentUrl":"https:\/\/www.battle-bouncers.com\/wp-content\/uploads\/2025\/06\/cropped-BattleBouncers_Logo.png","width":500,"height":353,"caption":"Battle Bouncers"},"image":{"@id":"https:\/\/www.battle-bouncers.com\/#\/schema\/logo\/image\/"}}]}},"_links":{"self":[{"href":"https:\/\/www.battle-bouncers.com\/es\/wp-json\/wp\/v2\/pages\/3","targetHints":{"allow":["GET"]}}],"collection":[{"href":"https:\/\/www.battle-bouncers.com\/es\/wp-json\/wp\/v2\/pages"}],"about":[{"href":"https:\/\/www.battle-bouncers.com\/es\/wp-json\/wp\/v2\/types\/page"}],"author":[{"embeddable":true,"href":"https:\/\/www.battle-bouncers.com\/es\/wp-json\/wp\/v2\/users\/1"}],"replies":[{"embeddable":true,"href":"https:\/\/www.battle-bouncers.com\/es\/wp-json\/wp\/v2\/comments?post=3"}],"version-history":[{"count":68,"href":"https:\/\/www.battle-bouncers.com\/es\/wp-json\/wp\/v2\/pages\/3\/revisions"}],"predecessor-version":[{"id":1533,"href":"https:\/\/www.battle-bouncers.com\/es\/wp-json\/wp\/v2\/pages\/3\/revisions\/1533"}],"wp:featuredmedia":[{"embeddable":true,"href":"https:\/\/www.battle-bouncers.com\/es\/wp-json\/wp\/v2\/media\/1226"}],"wp:attachment":[{"href":"https:\/\/www.battle-bouncers.com\/es\/wp-json\/wp\/v2\/media?parent=3"}],"curies":[{"name":"wp","href":"https:\/\/api.w.org\/{rel}","templated":true}]}}