{"id":115,"date":"2024-07-17T17:30:51","date_gmt":"2024-07-17T15:30:51","guid":{"rendered":"https:\/\/www.battlebouncers.de\/?page_id=115"},"modified":"2026-01-02T12:49:30","modified_gmt":"2026-01-02T11:49:30","slug":"impronta","status":"publish","type":"page","link":"https:\/\/www.battle-bouncers.com\/it\/impronta\/","title":{"rendered":"Impronta"},"content":{"rendered":"\t\t<div data-elementor-type=\"wp-page\" data-elementor-id=\"115\" class=\"elementor elementor-115\">\n\t\t\t\t<div class=\"elementor-element elementor-element-5a7a0121 e-flex e-con-boxed e-con e-parent\" data-id=\"5a7a0121\" data-element_type=\"container\">\n\t\t\t\t\t<div class=\"e-con-inner\">\n\t\t\t\t<div class=\"elementor-element elementor-element-5a309883 elementor-widget elementor-widget-text-editor\" data-id=\"5a309883\" data-element_type=\"widget\" data-widget_type=\"text-editor.default\">\n\t\t\t\t<div class=\"elementor-widget-container\">\n\t\t\t\t\t\t\t\t\t<p><strong>Blue Ocean Entertainment AG<\/strong><br \/>Seidenstra\u00dfe 19<br \/>70174 Stuttgart<\/p>\n<p><!-- \/wp:paragraph --><\/p>\n<p><!-- wp:paragraph --><\/p>\n<p>Telefon: +49 711 \/ 22 02 99 \u2013 0<br \/>Fax: +49 711 \/ 22 02 99 \u2013 19<\/p>\n<p>Internet: \u00bb <a href=\"https:\/\/www.battlebouncers.de\/\">https:\/\/www.battlebouncers.de\/<\/a><\/p>\n<p><!-- \/wp:paragraph --><\/p>\n<p><!-- wp:paragraph --><\/p>\n<p>Vorstand: Katrin Krau\u00df, Max M\u00fcller<br \/>Aufsichtsratsvorsitzende: Elisabeth Varn<\/p>\n<p><!-- \/wp:paragraph --><\/p>\n<p><!-- wp:paragraph --><\/p>\n<p>Handelsregister: HRB 720134 Stuttgart<\/p>\n<p>USt-IdNr.: DE244638211<br \/>Steuer-Nr.: 99122\/12710<\/p>\n<p><!-- \/wp:paragraph --><\/p>\n<p><!-- wp:paragraph --><\/p>\n<p><strong>Verantwortlich i.S.v. \u00a7 18 Abs.2\u00a0 Medienstaatsvertrag<br \/><\/strong>Simon Peter, Anschrift siehe oben.<\/p>\n<p><!-- \/wp:paragraph --><\/p>\n<p><!-- wp:paragraph --><\/p>\n<p><strong>Kontakt<br \/><\/strong>Gerne kannst du uns \u00fcber unser Kontaktformular [<a href=\"https:\/\/www.blue-ocean.de\/leserservice\">https:\/\/www.blue-ocean.de\/leserservice<\/a>] kontaktieren.<\/p>\n<p><!-- \/wp:paragraph --><\/p>\n<p><!-- wp:paragraph --><\/p>\n<p><strong>Vertrieb und Einzelverkauf:<br \/><\/strong>MZV GmbH &amp; Co. KG, Ohmstra\u00dfe 1, 85716 Unterschlei\u00dfheim<br \/>Telefon +49 89 \/ 31 90 6-0, Fax +49 89 \/ 31 90 6-113, www.mzv.de<\/p>\n<p><!-- \/wp:paragraph --><\/p>\n<p><!-- wp:paragraph --><\/p>\n<p>Copyright \u00a9 2026<\/p>\n<p><!-- \/wp:paragraph --><\/p>\n<p><!-- wp:paragraph --><\/p>\n<p><strong>Haftungsausschluss:<\/strong><br \/>Alle Angaben unseres Internet-Angebotes wurden sorgf\u00e4ltig gepr\u00fcft. Wir bem\u00fchen uns, dieses Informationsangebot stetig zu erweitern und zu aktualisieren. Eine Garantie f\u00fcr die Vollst\u00e4ndigkeit, Richtigkeit und letzte Aktualit\u00e4t kann jedoch nicht \u00fcbernommen werden. Alle Elemente dieser Site sind f\u00fcr den oben bezeichneten Herausgeber urheberrechtlich gesch\u00fctzt und bed\u00fcrfen f\u00fcr eine Vervielf\u00e4ltigung, Verwendung, Abdruck oder anderweitige Benutzung von dargestellten Informationen oder einzelnen Elementen ausdr\u00fccklich einer schriftlichen Genehmigung des Herausgebers.<\/p>\n<p><!-- \/wp:paragraph --><\/p>\n<p><!-- wp:paragraph --><\/p>\n<p><strong>Rechtlicher Hinweis:<\/strong><br \/>Das Landgericht Hamburg hat mit Urteil vom 12.05.1998 entschieden, dass man durch die Ausbringung eines Links die Inhalte der gelinkten Seite ggf. mit zu verantworten hat. Dies k\u00f6nne \u2014 so das LG \u2014 nur durch ausdr\u00fcckliche Distanzierung von den Inhalten verhindert werden. Der oben bezeichnete Herausgeber bietet auf seiner Homepage Links zu anderen Seiten im Internet an.<\/p>\n<p><!-- \/wp:paragraph --><\/p>\n<p><!-- wp:paragraph --><\/p>\n<p><strong>F\u00fcr alle Links gilt:<\/strong><br \/>Der Herausgeber und der Webmaster betonen, dass sie keinerlei Einfluss auf die Gestaltung und die Inhalte der gelinkten Seiten haben. Deshalb distanzieren sich beide ausdr\u00fccklich von den Inhalten der gelinkten Seiten inklusive aller Unterseiten und dortigen Links, die im Internet verf\u00fcgbar sind. Diese Erkl\u00e4rung gilt f\u00fcr alle auf dieser Homepage angebrachten Links und f\u00fcr alle Inhalte der Seiten, zu denen Links von diesen Webseiten f\u00fchren.<\/p>\n<p><!-- \/wp:paragraph --><\/p>\n<p><!-- wp:paragraph --><\/p>\n<p>Wir weisen gem\u00e4\u00df \u00a7 36 VSBG darauf hin, dass wir weder bereit noch verpflichtet sind, an einem Streitbeilegungsverfahren vor einer Verbraucherschlichtungsstelle teilzunehmen.<\/p>\n<p><!-- \/wp:paragraph --><\/p>\t\t\t\t\t\t\t\t<\/div>\n\t\t\t\t<\/div>\n\t\t\t\t\t<\/div>\n\t\t\t\t<\/div>\n\t\t\t\t<\/div>\n\t\t","protected":false},"excerpt":{"rendered":"<p>Blue Ocean Entertainment AGSeidenstra\u00dfe 1970174 Stuttgart Telefon: +49 711 \/ 22 02 99 \u2013 0Fax: +49 711 \/ 22 02 99 \u2013 19 Internet: \u00bb https:\/\/www.battlebouncers.de\/ Vorstand: Katrin Krau\u00df, Max M\u00fcllerAufsichtsratsvorsitzende: Elisabeth Varn Handelsregister: HRB 720134 Stuttgart USt-IdNr.: DE244638211Steuer-Nr.: 99122\/12710 Verantwortlich i.S.v. \u00a7 18 Abs.2\u00a0 MedienstaatsvertragSimon Peter, Anschrift siehe oben. KontaktGerne kannst du uns \u00fcber [&hellip;]<\/p>\n","protected":false},"author":2,"featured_media":1226,"parent":0,"menu_order":0,"comment_status":"closed","ping_status":"closed","template":"","meta":{"footnotes":""},"class_list":["post-115","page","type-page","status-publish","has-post-thumbnail","hentry"],"yoast_head":"<!-- This site is optimized with the Yoast SEO plugin v25.3 - https:\/\/yoast.com\/wordpress\/plugins\/seo\/ -->\n<title>Impressum - Battle Bouncers<\/title>\n<meta name=\"robots\" content=\"index, follow, max-snippet:-1, max-image-preview:large, max-video-preview:-1\" \/>\n<link rel=\"canonical\" href=\"https:\/\/www.battle-bouncers.com\/it\/impronta\/\" \/>\n<meta property=\"og:locale\" content=\"it_IT\" \/>\n<meta property=\"og:type\" content=\"article\" \/>\n<meta property=\"og:title\" content=\"Impressum - Battle Bouncers\" \/>\n<meta property=\"og:description\" content=\"Blue Ocean Entertainment AGSeidenstra\u00dfe 1970174 Stuttgart Telefon: +49 711 \/ 22 02 99 \u2013 0Fax: +49 711 \/ 22 02 99 \u2013 19 Internet: \u00bb https:\/\/www.battlebouncers.de\/ Vorstand: Katrin Krau\u00df, Max M\u00fcllerAufsichtsratsvorsitzende: Elisabeth Varn Handelsregister: HRB 720134 Stuttgart USt-IdNr.: DE244638211Steuer-Nr.: 99122\/12710 Verantwortlich i.S.v. \u00a7 18 Abs.2\u00a0 MedienstaatsvertragSimon Peter, Anschrift siehe oben. KontaktGerne kannst du uns \u00fcber [&hellip;]\" \/>\n<meta property=\"og:url\" content=\"https:\/\/www.battle-bouncers.com\/it\/impronta\/\" \/>\n<meta property=\"og:site_name\" content=\"Battle Bouncers\" \/>\n<meta property=\"article:modified_time\" content=\"2026-01-02T11:49:30+00:00\" \/>\n<meta property=\"og:image\" content=\"https:\/\/www.battle-bouncers.com\/wp-content\/uploads\/2025\/06\/cropped-BattleBouncers_Website-Icon.png\" \/>\n\t<meta property=\"og:image:width\" content=\"512\" \/>\n\t<meta property=\"og:image:height\" content=\"512\" \/>\n\t<meta property=\"og:image:type\" content=\"image\/png\" \/>\n<meta name=\"twitter:card\" content=\"summary_large_image\" \/>\n<meta name=\"twitter:label1\" content=\"Tempo di lettura stimato\" \/>\n\t<meta name=\"twitter:data1\" content=\"2 minuti\" \/>\n<script type=\"application\/ld+json\" class=\"yoast-schema-graph\">{\"@context\":\"https:\/\/schema.org\",\"@graph\":[{\"@type\":\"WebPage\",\"@id\":\"https:\/\/www.battle-bouncers.com\/impressum\/\",\"url\":\"https:\/\/www.battle-bouncers.com\/impressum\/\",\"name\":\"Impressum - Battle Bouncers\",\"isPartOf\":{\"@id\":\"https:\/\/www.battle-bouncers.com\/#website\"},\"primaryImageOfPage\":{\"@id\":\"https:\/\/www.battle-bouncers.com\/impressum\/#primaryimage\"},\"image\":{\"@id\":\"https:\/\/www.battle-bouncers.com\/impressum\/#primaryimage\"},\"thumbnailUrl\":\"https:\/\/www.battle-bouncers.com\/wp-content\/uploads\/2025\/06\/cropped-BattleBouncers_Website-Icon.png\",\"datePublished\":\"2024-07-17T15:30:51+00:00\",\"dateModified\":\"2026-01-02T11:49:30+00:00\",\"breadcrumb\":{\"@id\":\"https:\/\/www.battle-bouncers.com\/impressum\/#breadcrumb\"},\"inLanguage\":\"it-IT\",\"potentialAction\":[{\"@type\":\"ReadAction\",\"target\":[\"https:\/\/www.battle-bouncers.com\/impressum\/\"]}]},{\"@type\":\"ImageObject\",\"inLanguage\":\"it-IT\",\"@id\":\"https:\/\/www.battle-bouncers.com\/impressum\/#primaryimage\",\"url\":\"https:\/\/www.battle-bouncers.com\/wp-content\/uploads\/2025\/06\/cropped-BattleBouncers_Website-Icon.png\",\"contentUrl\":\"https:\/\/www.battle-bouncers.com\/wp-content\/uploads\/2025\/06\/cropped-BattleBouncers_Website-Icon.png\",\"width\":512,\"height\":512,\"caption\":\"Logo Battle Bouncers\"},{\"@type\":\"BreadcrumbList\",\"@id\":\"https:\/\/www.battle-bouncers.com\/impressum\/#breadcrumb\",\"itemListElement\":[{\"@type\":\"ListItem\",\"position\":1,\"name\":\"Startseite\",\"item\":\"https:\/\/www.battle-bouncers.com\/\"},{\"@type\":\"ListItem\",\"position\":2,\"name\":\"Impressum\"}]},{\"@type\":\"WebSite\",\"@id\":\"https:\/\/www.battle-bouncers.com\/#website\",\"url\":\"https:\/\/www.battle-bouncers.com\/\",\"name\":\"Battle Bouncers\",\"description\":\"\",\"publisher\":{\"@id\":\"https:\/\/www.battle-bouncers.com\/#organization\"},\"potentialAction\":[{\"@type\":\"SearchAction\",\"target\":{\"@type\":\"EntryPoint\",\"urlTemplate\":\"https:\/\/www.battle-bouncers.com\/?s={search_term_string}\"},\"query-input\":{\"@type\":\"PropertyValueSpecification\",\"valueRequired\":true,\"valueName\":\"search_term_string\"}}],\"inLanguage\":\"it-IT\"},{\"@type\":\"Organization\",\"@id\":\"https:\/\/www.battle-bouncers.com\/#organization\",\"name\":\"Battle Bouncers\",\"url\":\"https:\/\/www.battle-bouncers.com\/\",\"logo\":{\"@type\":\"ImageObject\",\"inLanguage\":\"it-IT\",\"@id\":\"https:\/\/www.battle-bouncers.com\/#\/schema\/logo\/image\/\",\"url\":\"https:\/\/www.battle-bouncers.com\/wp-content\/uploads\/2025\/06\/cropped-BattleBouncers_Logo.png\",\"contentUrl\":\"https:\/\/www.battle-bouncers.com\/wp-content\/uploads\/2025\/06\/cropped-BattleBouncers_Logo.png\",\"width\":500,\"height\":353,\"caption\":\"Battle Bouncers\"},\"image\":{\"@id\":\"https:\/\/www.battle-bouncers.com\/#\/schema\/logo\/image\/\"}}]}<\/script>\n<!-- \/ Yoast SEO plugin. -->","yoast_head_json":{"title":"Impronta - Buttafuori da battaglia","robots":{"index":"index","follow":"follow","max-snippet":"max-snippet:-1","max-image-preview":"max-image-preview:large","max-video-preview":"max-video-preview:-1"},"canonical":"https:\/\/www.battle-bouncers.com\/it\/impronta\/","og_locale":"it_IT","og_type":"article","og_title":"Impressum - Battle Bouncers","og_description":"Blue Ocean Entertainment AGSeidenstra\u00dfe 1970174 Stuttgart Telefon: +49 711 \/ 22 02 99 \u2013 0Fax: +49 711 \/ 22 02 99 \u2013 19 Internet: \u00bb https:\/\/www.battlebouncers.de\/ Vorstand: Katrin Krau\u00df, Max M\u00fcllerAufsichtsratsvorsitzende: Elisabeth Varn Handelsregister: HRB 720134 Stuttgart USt-IdNr.: DE244638211Steuer-Nr.: 99122\/12710 Verantwortlich i.S.v. \u00a7 18 Abs.2\u00a0 MedienstaatsvertragSimon Peter, Anschrift siehe oben. KontaktGerne kannst du uns \u00fcber [&hellip;]","og_url":"https:\/\/www.battle-bouncers.com\/it\/impronta\/","og_site_name":"Battle Bouncers","article_modified_time":"2026-01-02T11:49:30+00:00","og_image":[{"width":512,"height":512,"url":"https:\/\/www.battle-bouncers.com\/wp-content\/uploads\/2025\/06\/cropped-BattleBouncers_Website-Icon.png","type":"image\/png"}],"twitter_card":"summary_large_image","twitter_misc":{"Tempo di lettura stimato":"2 minuti"},"schema":{"@context":"https:\/\/schema.org","@graph":[{"@type":"WebPage","@id":"https:\/\/www.battle-bouncers.com\/impressum\/","url":"https:\/\/www.battle-bouncers.com\/impressum\/","name":"Impronta - Buttafuori da battaglia","isPartOf":{"@id":"https:\/\/www.battle-bouncers.com\/#website"},"primaryImageOfPage":{"@id":"https:\/\/www.battle-bouncers.com\/impressum\/#primaryimage"},"image":{"@id":"https:\/\/www.battle-bouncers.com\/impressum\/#primaryimage"},"thumbnailUrl":"https:\/\/www.battle-bouncers.com\/wp-content\/uploads\/2025\/06\/cropped-BattleBouncers_Website-Icon.png","datePublished":"2024-07-17T15:30:51+00:00","dateModified":"2026-01-02T11:49:30+00:00","breadcrumb":{"@id":"https:\/\/www.battle-bouncers.com\/impressum\/#breadcrumb"},"inLanguage":"it-IT","potentialAction":[{"@type":"ReadAction","target":["https:\/\/www.battle-bouncers.com\/impressum\/"]}]},{"@type":"ImageObject","inLanguage":"it-IT","@id":"https:\/\/www.battle-bouncers.com\/impressum\/#primaryimage","url":"https:\/\/www.battle-bouncers.com\/wp-content\/uploads\/2025\/06\/cropped-BattleBouncers_Website-Icon.png","contentUrl":"https:\/\/www.battle-bouncers.com\/wp-content\/uploads\/2025\/06\/cropped-BattleBouncers_Website-Icon.png","width":512,"height":512,"caption":"Logo Battle Bouncers"},{"@type":"BreadcrumbList","@id":"https:\/\/www.battle-bouncers.com\/impressum\/#breadcrumb","itemListElement":[{"@type":"ListItem","position":1,"name":"Startseite","item":"https:\/\/www.battle-bouncers.com\/"},{"@type":"ListItem","position":2,"name":"Impressum"}]},{"@type":"WebSite","@id":"https:\/\/www.battle-bouncers.com\/#website","url":"https:\/\/www.battle-bouncers.com\/","name":"Battle Bouncers","description":"","publisher":{"@id":"https:\/\/www.battle-bouncers.com\/#organization"},"potentialAction":[{"@type":"SearchAction","target":{"@type":"EntryPoint","urlTemplate":"https:\/\/www.battle-bouncers.com\/?s={search_term_string}"},"query-input":{"@type":"PropertyValueSpecification","valueRequired":true,"valueName":"search_term_string"}}],"inLanguage":"it-IT"},{"@type":"Organization","@id":"https:\/\/www.battle-bouncers.com\/#organization","name":"Battle Bouncers","url":"https:\/\/www.battle-bouncers.com\/","logo":{"@type":"ImageObject","inLanguage":"it-IT","@id":"https:\/\/www.battle-bouncers.com\/#\/schema\/logo\/image\/","url":"https:\/\/www.battle-bouncers.com\/wp-content\/uploads\/2025\/06\/cropped-BattleBouncers_Logo.png","contentUrl":"https:\/\/www.battle-bouncers.com\/wp-content\/uploads\/2025\/06\/cropped-BattleBouncers_Logo.png","width":500,"height":353,"caption":"Battle Bouncers"},"image":{"@id":"https:\/\/www.battle-bouncers.com\/#\/schema\/logo\/image\/"}}]}},"_links":{"self":[{"href":"https:\/\/www.battle-bouncers.com\/it\/wp-json\/wp\/v2\/pages\/115","targetHints":{"allow":["GET"]}}],"collection":[{"href":"https:\/\/www.battle-bouncers.com\/it\/wp-json\/wp\/v2\/pages"}],"about":[{"href":"https:\/\/www.battle-bouncers.com\/it\/wp-json\/wp\/v2\/types\/page"}],"author":[{"embeddable":true,"href":"https:\/\/www.battle-bouncers.com\/it\/wp-json\/wp\/v2\/users\/2"}],"replies":[{"embeddable":true,"href":"https:\/\/www.battle-bouncers.com\/it\/wp-json\/wp\/v2\/comments?post=115"}],"version-history":[{"count":27,"href":"https:\/\/www.battle-bouncers.com\/it\/wp-json\/wp\/v2\/pages\/115\/revisions"}],"predecessor-version":[{"id":1623,"href":"https:\/\/www.battle-bouncers.com\/it\/wp-json\/wp\/v2\/pages\/115\/revisions\/1623"}],"wp:featuredmedia":[{"embeddable":true,"href":"https:\/\/www.battle-bouncers.com\/it\/wp-json\/wp\/v2\/media\/1226"}],"wp:attachment":[{"href":"https:\/\/www.battle-bouncers.com\/it\/wp-json\/wp\/v2\/media?parent=115"}],"curies":[{"name":"wp","href":"https:\/\/api.w.org\/{rel}","templated":true}]}}